{"id":9,"date":"2025-10-02T15:22:08","date_gmt":"2025-10-02T15:22:08","guid":{"rendered":"http:\/\/evasion-zen.fr\/?page_id=9"},"modified":"2025-10-06T07:08:50","modified_gmt":"2025-10-06T07:08:50","slug":"elementor-9","status":"publish","type":"page","link":"https:\/\/evasion-zen.fr\/","title":{"rendered":"Accueil"},"content":{"rendered":"\t\t<div data-elementor-type=\"wp-page\" data-elementor-id=\"9\" class=\"elementor elementor-9\">\n\t\t\t\t<div class=\"elementor-element elementor-element-4004a95 e-flex e-con-boxed e-con e-parent\" data-id=\"4004a95\" data-element_type=\"container\" data-e-type=\"container\" data-settings=\"{&quot;background_background&quot;:&quot;classic&quot;}\">\n\t\t\t\t\t<div class=\"e-con-inner\">\n\t\t<div class=\"elementor-element elementor-element-40fc394 e-con-full e-flex e-con e-child\" data-id=\"40fc394\" data-element_type=\"container\" data-e-type=\"container\">\n\t\t\t\t<div class=\"elementor-element elementor-element-f4af4bc elementor-invisible elementor-widget elementor-widget-image\" data-id=\"f4af4bc\" data-element_type=\"widget\" data-e-type=\"widget\" data-settings=\"{&quot;_animation&quot;:&quot;fadeInLeft&quot;}\" data-widget_type=\"image.default\">\n\t\t\t\t\t\t\t\t\t\t\t\t\t\t\t<img fetchpriority=\"high\" decoding=\"async\" width=\"214\" height=\"300\" src=\"https:\/\/evasion-zen.fr\/wp-content\/uploads\/2025\/10\/Sous-titre-2-214x300.png\" class=\"attachment-medium size-medium wp-image-49\" alt=\"\" srcset=\"https:\/\/evasion-zen.fr\/wp-content\/uploads\/2025\/10\/Sous-titre-2-214x300.png 214w, https:\/\/evasion-zen.fr\/wp-content\/uploads\/2025\/10\/Sous-titre-2-732x1024.png 732w, https:\/\/evasion-zen.fr\/wp-content\/uploads\/2025\/10\/Sous-titre-2-768x1075.png 768w, https:\/\/evasion-zen.fr\/wp-content\/uploads\/2025\/10\/Sous-titre-2-1097x1536.png 1097w, https:\/\/evasion-zen.fr\/wp-content\/uploads\/2025\/10\/Sous-titre-2-1463x2048.png 1463w, https:\/\/evasion-zen.fr\/wp-content\/uploads\/2025\/10\/Sous-titre-2.png 1701w\" sizes=\"(max-width: 214px) 100vw, 214px\" \/>\t\t\t\t\t\t\t\t\t\t\t\t\t\t\t<\/div>\n\t\t\t\t<\/div>\n\t\t<div class=\"elementor-element elementor-element-e521d1c e-con-full e-flex e-con e-child\" data-id=\"e521d1c\" data-element_type=\"container\" data-e-type=\"container\">\n\t\t\t\t<div class=\"elementor-element elementor-element-121ded2 elementor-widget elementor-widget-heading\" data-id=\"121ded2\" data-element_type=\"widget\" data-e-type=\"widget\" data-widget_type=\"heading.default\">\n\t\t\t\t\t<h1 class=\"elementor-heading-title elementor-size-default\">Evasion Zen<\/h1>\t\t\t\t<\/div>\n\t\t\t\t<div class=\"elementor-element elementor-element-907a6d3 elementor-widget elementor-widget-heading\" data-id=\"907a6d3\" data-element_type=\"widget\" data-e-type=\"widget\" data-widget_type=\"heading.default\">\n\t\t\t\t\t<h2 class=\"elementor-heading-title elementor-size-default\">L'art du massage <br><br>au service du f\u00e9minin <\/h2>\t\t\t\t<\/div>\n\t\t\t\t<\/div>\n\t\t<div class=\"elementor-element elementor-element-ecc5b09 e-con-full e-flex e-con e-child\" data-id=\"ecc5b09\" data-element_type=\"container\" data-e-type=\"container\">\n\t\t\t\t<div class=\"elementor-element elementor-element-7d0ed23 elementor-invisible elementor-widget elementor-widget-image\" data-id=\"7d0ed23\" data-element_type=\"widget\" data-e-type=\"widget\" data-settings=\"{&quot;_animation&quot;:&quot;fadeInRight&quot;}\" data-widget_type=\"image.default\">\n\t\t\t\t\t\t\t\t\t\t\t\t\t\t\t<img decoding=\"async\" width=\"214\" height=\"300\" src=\"https:\/\/evasion-zen.fr\/wp-content\/uploads\/2025\/10\/Sous-titre-1-214x300.png\" class=\"attachment-medium size-medium wp-image-47\" alt=\"\" srcset=\"https:\/\/evasion-zen.fr\/wp-content\/uploads\/2025\/10\/Sous-titre-1-214x300.png 214w, https:\/\/evasion-zen.fr\/wp-content\/uploads\/2025\/10\/Sous-titre-1-732x1024.png 732w, https:\/\/evasion-zen.fr\/wp-content\/uploads\/2025\/10\/Sous-titre-1-768x1075.png 768w, https:\/\/evasion-zen.fr\/wp-content\/uploads\/2025\/10\/Sous-titre-1-1097x1536.png 1097w, https:\/\/evasion-zen.fr\/wp-content\/uploads\/2025\/10\/Sous-titre-1-1463x2048.png 1463w, https:\/\/evasion-zen.fr\/wp-content\/uploads\/2025\/10\/Sous-titre-1.png 1701w\" sizes=\"(max-width: 214px) 100vw, 214px\" \/>\t\t\t\t\t\t\t\t\t\t\t\t\t\t\t<\/div>\n\t\t\t\t<\/div>\n\t\t\t\t\t<\/div>\n\t\t\t\t<\/div>\n\t\t<div class=\"elementor-element elementor-element-8d9ea31 e-flex e-con-boxed e-con e-parent\" data-id=\"8d9ea31\" data-element_type=\"container\" data-e-type=\"container\" data-settings=\"{&quot;background_background&quot;:&quot;classic&quot;,&quot;shape_divider_top&quot;:&quot;book&quot;,&quot;shape_divider_bottom&quot;:&quot;book&quot;}\">\n\t\t\t\t\t<div class=\"e-con-inner\">\n\t\t\t\t<div class=\"elementor-shape elementor-shape-top\" aria-hidden=\"true\" data-negative=\"false\">\n\t\t\t<svg xmlns=\"http:\/\/www.w3.org\/2000\/svg\" viewBox=\"0 0 1000 100\" preserveAspectRatio=\"none\">\n\t<path class=\"elementor-shape-fill\" d=\"M194,99c186.7,0.7,305-78.3,306-97.2c1,18.9,119.3,97.9,306,97.2c114.3-0.3,194,0.3,194,0.3s0-91.7,0-100c0,0,0,0,0-0 L0,0v99.3C0,99.3,79.7,98.7,194,99z\"\/>\n<\/svg>\t\t<\/div>\n\t\t\t\t<div class=\"elementor-shape elementor-shape-bottom\" aria-hidden=\"true\" data-negative=\"false\">\n\t\t\t<svg xmlns=\"http:\/\/www.w3.org\/2000\/svg\" viewBox=\"0 0 1000 100\" preserveAspectRatio=\"none\">\n\t<path class=\"elementor-shape-fill\" d=\"M194,99c186.7,0.7,305-78.3,306-97.2c1,18.9,119.3,97.9,306,97.2c114.3-0.3,194,0.3,194,0.3s0-91.7,0-100c0,0,0,0,0-0 L0,0v99.3C0,99.3,79.7,98.7,194,99z\"\/>\n<\/svg>\t\t<\/div>\n\t\t<div class=\"elementor-element elementor-element-4942714 e-con-full e-flex e-con e-child\" data-id=\"4942714\" data-element_type=\"container\" data-e-type=\"container\">\n\t\t\t\t<div class=\"elementor-element elementor-element-81ca5df elementor-widget__width-initial animated-fast elementor-invisible elementor-widget elementor-widget-image\" data-id=\"81ca5df\" data-element_type=\"widget\" data-e-type=\"widget\" data-settings=\"{&quot;_animation&quot;:&quot;zoomIn&quot;}\" data-widget_type=\"image.default\">\n\t\t\t\t\t\t\t\t\t\t\t\t\t\t\t<img decoding=\"async\" width=\"768\" height=\"768\" src=\"https:\/\/evasion-zen.fr\/wp-content\/uploads\/2025\/10\/Design-sans-titre-3-768x768.png\" class=\"attachment-medium_large size-medium_large wp-image-59\" alt=\"\" srcset=\"https:\/\/evasion-zen.fr\/wp-content\/uploads\/2025\/10\/Design-sans-titre-3-768x768.png 768w, https:\/\/evasion-zen.fr\/wp-content\/uploads\/2025\/10\/Design-sans-titre-3-300x300.png 300w, https:\/\/evasion-zen.fr\/wp-content\/uploads\/2025\/10\/Design-sans-titre-3-150x150.png 150w, https:\/\/evasion-zen.fr\/wp-content\/uploads\/2025\/10\/Design-sans-titre-3.png 1024w\" sizes=\"(max-width: 768px) 100vw, 768px\" \/>\t\t\t\t\t\t\t\t\t\t\t\t\t\t\t<\/div>\n\t\t\t\t<\/div>\n\t\t<div class=\"elementor-element elementor-element-af82aad e-con-full e-flex e-con e-child\" data-id=\"af82aad\" data-element_type=\"container\" data-e-type=\"container\">\n\t\t\t\t<div class=\"elementor-element elementor-element-9b909b1 elementor-widget elementor-widget-text-editor\" data-id=\"9b909b1\" data-element_type=\"widget\" data-e-type=\"widget\" data-widget_type=\"text-editor.default\">\n\t\t\t\t\t\t\t\t\t<p><\/p>\n<p><span dir=\"auto\" style=\"vertical-align: inherit;\"><span dir=\"auto\" style=\"vertical-align: inherit;\"><span dir=\"auto\" style=\"vertical-align: inherit;\"><span dir=\"auto\" style=\"vertical-align: inherit;\"><span dir=\"auto\" style=\"vertical-align: inherit;\"><span dir=\"auto\" style=\"vertical-align: inherit;\"><span dir=\"auto\" style=\"vertical-align: inherit;\"><span dir=\"auto\" style=\"vertical-align: inherit;\">Derri\u00e8re \u00c9vasion Zen, il y a une femme guid\u00e9e par le d\u00e9sir profond d&#8217;apaiser, d&#8217;\u00e9couter et de r\u00e9harmoniser.<\/span><\/span><\/span><\/span><\/span><\/span><\/span><\/span><\/p><p><span dir=\"auto\" style=\"vertical-align: inherit;\"><span dir=\"auto\" style=\"vertical-align: inherit;\"><span dir=\"auto\" style=\"vertical-align: inherit;\"><span dir=\"auto\" style=\"vertical-align: inherit;\"><span dir=\"auto\" style=\"vertical-align: inherit;\"><span dir=\"auto\" style=\"vertical-align: inherit;\"><span dir=\"auto\" style=\"vertical-align: inherit;\"><span dir=\"auto\" style=\"vertical-align: inherit;\"><br><\/span><\/span><\/span><\/span><\/span><\/span><\/span><\/span><\/p>\n<p><span dir=\"auto\" style=\"vertical-align: inherit;\"><span dir=\"auto\" style=\"vertical-align: inherit;\"><span dir=\"auto\" style=\"vertical-align: inherit;\"><span dir=\"auto\" style=\"vertical-align: inherit;\"><span dir=\"auto\" style=\"vertical-align: inherit;\"><span dir=\"auto\" style=\"vertical-align: inherit;\"><span dir=\"auto\" style=\"vertical-align: inherit;\"><span dir=\"auto\" style=\"vertical-align: inherit;\">Ici, chaque soin est une invitation \u00e0 ralentir, \u00e0 revenir \u00e0 soi, \u00e0 renouer avec cette \u00e9nergie f\u00e9minine qui sommeille parfois sous le rythme effr\u00e9n\u00e9 du quotidien.<\/span><\/span><\/span><\/span><\/span><\/span><\/span><\/span><\/p><p><span dir=\"auto\" style=\"vertical-align: inherit;\"><span dir=\"auto\" style=\"vertical-align: inherit;\"><span dir=\"auto\" style=\"vertical-align: inherit;\"><span dir=\"auto\" style=\"vertical-align: inherit;\"><span dir=\"auto\" style=\"vertical-align: inherit;\"><span dir=\"auto\" style=\"vertical-align: inherit;\"><span dir=\"auto\" style=\"vertical-align: inherit;\"><span dir=\"auto\" style=\"vertical-align: inherit;\"><br><\/span><\/span><\/span><\/span><\/span><\/span><\/span><\/span><\/p>\n<p><span dir=\"auto\" style=\"vertical-align: inherit;\"><span dir=\"auto\" style=\"vertical-align: inherit;\"><span dir=\"auto\" style=\"vertical-align: inherit;\"><span dir=\"auto\" style=\"vertical-align: inherit;\"><span dir=\"auto\" style=\"vertical-align: inherit;\"><span dir=\"auto\" style=\"vertical-align: inherit;\"><span dir=\"auto\" style=\"vertical-align: inherit;\"><span dir=\"auto\" style=\"vertical-align: inherit;\">Mon approche unit le toucher bienveillant du massage \u00e0 la sagesse naturelle de la naturopathie, pour vous accompagner vers un \u00e9quilibre durable, corps, c\u0153ur et esprit.<\/span><\/span><\/span><\/span><\/span><\/span><\/span><\/span><\/p>\t\t\t\t\t\t\t\t<\/div>\n\t\t\t\t<div class=\"elementor-element elementor-element-ff8ed3b elementor-align-center elementor-widget elementor-widget-button\" data-id=\"ff8ed3b\" data-element_type=\"widget\" data-e-type=\"widget\" data-widget_type=\"button.default\">\n\t\t\t\t\t\t\t\t\t\t<a class=\"elementor-button elementor-button-link elementor-size-sm\" href=\"\">\n\t\t\t\t\t\t<span class=\"elementor-button-content-wrapper\">\n\t\t\t\t\t\t\t\t\t<span class=\"elementor-button-text\">D\u00e9couvrir mes soins <\/span>\n\t\t\t\t\t<\/span>\n\t\t\t\t\t<\/a>\n\t\t\t\t\t\t\t\t<\/div>\n\t\t\t\t<\/div>\n\t\t\t\t\t<\/div>\n\t\t\t\t<\/div>\n\t\t\t\t<\/div>\n\t\t","protected":false},"excerpt":{"rendered":"<p>Evasion Zen L&#8217;art du massage au service du f\u00e9minin Derri\u00e8re \u00c9vasion Zen, il y a une femme guid\u00e9e par le d\u00e9sir profond d&#8217;apaiser, d&#8217;\u00e9couter et de r\u00e9harmoniser. Ici, chaque soin est une invitation \u00e0 ralentir, \u00e0 revenir \u00e0 soi, \u00e0 renouer avec cette \u00e9nergie f\u00e9minine qui sommeille parfois sous le rythme effr\u00e9n\u00e9 du quotidien. Mon [&hellip;]<\/p>\n","protected":false},"author":1,"featured_media":0,"parent":0,"menu_order":0,"comment_status":"closed","ping_status":"closed","template":"","meta":{"footnotes":""},"class_list":["post-9","page","type-page","status-publish","hentry"],"_links":{"self":[{"href":"https:\/\/evasion-zen.fr\/index.php\/wp-json\/wp\/v2\/pages\/9","targetHints":{"allow":["GET"]}}],"collection":[{"href":"https:\/\/evasion-zen.fr\/index.php\/wp-json\/wp\/v2\/pages"}],"about":[{"href":"https:\/\/evasion-zen.fr\/index.php\/wp-json\/wp\/v2\/types\/page"}],"author":[{"embeddable":true,"href":"https:\/\/evasion-zen.fr\/index.php\/wp-json\/wp\/v2\/users\/1"}],"replies":[{"embeddable":true,"href":"https:\/\/evasion-zen.fr\/index.php\/wp-json\/wp\/v2\/comments?post=9"}],"version-history":[{"count":24,"href":"https:\/\/evasion-zen.fr\/index.php\/wp-json\/wp\/v2\/pages\/9\/revisions"}],"predecessor-version":[{"id":121,"href":"https:\/\/evasion-zen.fr\/index.php\/wp-json\/wp\/v2\/pages\/9\/revisions\/121"}],"wp:attachment":[{"href":"https:\/\/evasion-zen.fr\/index.php\/wp-json\/wp\/v2\/media?parent=9"}],"curies":[{"name":"wp","href":"https:\/\/api.w.org\/{rel}","templated":true}]}}